{"id":4349,"date":"2025-08-22T19:19:24","date_gmt":"2025-08-22T22:19:24","guid":{"rendered":"https:\/\/enssarmiento-sjn.infd.edu.ar\/sitio\/?page_id=4349"},"modified":"2025-08-22T19:53:38","modified_gmt":"2025-08-22T22:53:38","slug":"equivalencias","status":"publish","type":"page","link":"https:\/\/enssarmiento-sjn.infd.edu.ar\/sitio\/formacion-inicial\/equivalencias\/","title":{"rendered":"Equivalencias"},"content":{"rendered":"\n<div class=\"wp-block-group has-background is-vertical is-content-justification-center is-nowrap is-layout-flex wp-container-1\" style=\"background-color:#7cb18f80\">\n<p class=\"has-contrast-color has-text-color has-background\" style=\"background-color:#e6ebf7;font-size:17px\">Presentaci\u00f3n de Solicitudes<\/p>\n\n\n\n<p class=\"has-text-align-center has-contrast-color has-text-color has-background has-small-font-size\" style=\"background-color:#f4d3d3\"><em>27 de Agosto de 2025<\/em><br><strong>9:00-12:30<\/strong><br><strong>15:00-18:00<\/strong><\/p>\n\n\n\n<p class=\"has-base-2-background-color has-background has-small-font-size\">-En el Departamento de Formaci\u00f3n Inicial-<\/p>\n\n\n\n<pre class=\"wp-block-preformatted\">Equivalencias para estudiantes que provienen con PASE de otra instituci\u00f3n.<\/pre>\n<\/div>\n\n\n\n<hr class=\"wp-block-separator has-alpha-channel-opacity\"\/>\n\n\n\n<h3 class=\"wp-block-heading\">Documentaci\u00f3n necesaria<\/h3>\n\n\n\n<ul>\n<li>Situaci\u00f3n Acad\u00e9mica \/ Certificaci\u00f3n Anal\u00edtica de la instituci\u00f3n de origen.<\/li>\n\n\n\n<li>Programas de Examen de materias aprobadas legalizados por la instituci\u00f3n de origen.<\/li>\n\n\n\n<li>Plan de estudio de la carrera de origen (si la instituci\u00f3n pertenece a otra jurisdicci\u00f3n).<\/li>\n<\/ul>\n","protected":false},"excerpt":{"rendered":"<p>Presentaci\u00f3n de Solicitudes 27 de Agosto de 20259:00-12:3015:00-18:00 -En el Departamento de Formaci\u00f3n Inicial- Equivalencias para estudiantes que provienen con PASE de otra instituci\u00f3n. Documentaci\u00f3n necesaria<\/p>\n","protected":false},"author":4461,"featured_media":0,"parent":1267,"menu_order":2,"comment_status":"closed","ping_status":"closed","template":"","meta":[],"acf":[],"_links":{"self":[{"href":"https:\/\/enssarmiento-sjn.infd.edu.ar\/sitio\/wp-json\/wp\/v2\/pages\/4349"}],"collection":[{"href":"https:\/\/enssarmiento-sjn.infd.edu.ar\/sitio\/wp-json\/wp\/v2\/pages"}],"about":[{"href":"https:\/\/enssarmiento-sjn.infd.edu.ar\/sitio\/wp-json\/wp\/v2\/types\/page"}],"author":[{"embeddable":true,"href":"https:\/\/enssarmiento-sjn.infd.edu.ar\/sitio\/wp-json\/wp\/v2\/users\/4461"}],"replies":[{"embeddable":true,"href":"https:\/\/enssarmiento-sjn.infd.edu.ar\/sitio\/wp-json\/wp\/v2\/comments?post=4349"}],"version-history":[{"count":2,"href":"https:\/\/enssarmiento-sjn.infd.edu.ar\/sitio\/wp-json\/wp\/v2\/pages\/4349\/revisions"}],"predecessor-version":[{"id":4357,"href":"https:\/\/enssarmiento-sjn.infd.edu.ar\/sitio\/wp-json\/wp\/v2\/pages\/4349\/revisions\/4357"}],"up":[{"embeddable":true,"href":"https:\/\/enssarmiento-sjn.infd.edu.ar\/sitio\/wp-json\/wp\/v2\/pages\/1267"}],"wp:attachment":[{"href":"https:\/\/enssarmiento-sjn.infd.edu.ar\/sitio\/wp-json\/wp\/v2\/media?parent=4349"}],"curies":[{"name":"wp","href":"https:\/\/api.w.org\/{rel}","templated":true}]}}