{"id":4341,"date":"2025-08-22T18:42:44","date_gmt":"2025-08-22T21:42:44","guid":{"rendered":"https:\/\/enssarmiento-sjn.infd.edu.ar\/sitio\/?page_id=4341"},"modified":"2025-08-22T19:44:17","modified_gmt":"2025-08-22T22:44:17","slug":"creditos-academicos","status":"publish","type":"page","link":"https:\/\/enssarmiento-sjn.infd.edu.ar\/sitio\/formacion-inicial\/creditos-academicos\/","title":{"rendered":"Programa de Actualizaci\u00f3n Cient\u00edfico-Acad\u00e9mica"},"content":{"rendered":"\n<div class=\"wp-block-group has-background is-vertical is-content-justification-center is-nowrap is-layout-flex wp-container-1\" style=\"background-color:#7cb18f80\">\n<p class=\"has-contrast-color has-text-color has-background\" style=\"background-color:#f7e5e5;font-size:17px\">Presentaci\u00f3n de Solicitudes<\/p>\n\n\n\n<p class=\"has-text-align-center has-contrast-color has-text-color has-background has-small-font-size\" style=\"background-color:#eeeeee\"><em>27 de Agosto de 2025<\/em><br><strong>9:00-12:30<\/strong><br><strong>15:00-18:00<\/strong><\/p>\n\n\n\n<p class=\"has-base-2-background-color has-background has-small-font-size\">-En el Departamento de Formaci\u00f3n Inicial-<\/p>\n\n\n\n<p><\/p>\n<\/div>\n\n\n\n<hr class=\"wp-block-separator has-alpha-channel-opacity\"\/>\n\n\n\n<p>El programa de actualizaci\u00f3n cient\u00edfico-acad\u00e9mico se basa en el reconocimiento de trayectos formativos alternativos a las propuestas ofrecidas en los planes de estudios\/dise\u00f1os curriculares.&nbsp;<\/p>\n\n\n\n<p>De este modo, se brinda la posibilidad a los\/las estudiantes de acreditar 64 horas c\u00e1tedras mediante el reconocimiento de la participaci\u00f3n en cursos, seminarios, talleres, congresos, investigaciones, consejos estudiantiles, elaboraci\u00f3n de material pedag\u00f3gico, entre otras. Todas las actividades, para su valoraci\u00f3n, deber\u00e1n estar certificadas por las instituciones reconocidas a nivel jurisdiccional y\/o nacional.<\/p>\n\n\n\n<p>Por ello, la Disposici\u00f3n <strong>033-DES-2012<\/strong> de la Direcci\u00f3n de Educaci\u00f3n Superior de la Provincia de San Juan establece que la obtenci\u00f3n de cr\u00e9ditos es dependiente del tipo de actividad realizada y las ponderaciones de cada actividad se ajusta a la siguiente tabla:<\/p>\n\n\n\n<figure class=\"wp-block-table is-style-stripes has-small-font-size\"><table><tbody><tr><td><strong>Tipo de Actividad<\/strong><\/td><td><strong>C\u00f3digo<\/strong><\/td><td><strong>Cr\u00e9ditos<\/strong><\/td><\/tr><tr><td>Asistencia a jornadas, talleres, seminarios, simposios, congresos, etc (Sin evaluaci\u00f3n)<\/td><td>01-PCA<\/td><td>8<\/td><\/tr><tr><td>Aprendizajes en contextos informales (visitas, charlas, eventos culturales o tecnol\u00f3gicos)*<\/td><td>02-PCA<\/td><td>8<\/td><\/tr><tr><td>Asistencia a jornadas, talleres, seminarios, simposios, congresos, etc (Con evaluaci\u00f3n)<\/td><td>03-PCA<\/td><td>10<\/td><\/tr><tr><td>Cursos de 15 horas c\u00e1tedras de duraci\u00f3n o m\u00e1s (Sin Evaluaci\u00f3n)*<\/td><td>04-PCA<\/td><td>10<\/td><\/tr><tr><td>Elaboraci\u00f3n de material pedag\u00f3gico-did\u00e1ctico*<\/td><td>05-PCA<\/td><td>10<\/td><\/tr><tr><td>Cursos de 15 horas c\u00e1tedras de duraci\u00f3n o m\u00e1s (Con Evaluaci\u00f3n)*<\/td><td>06-PCA<\/td><td>15<\/td><\/tr><tr><td>Participaci\u00f3n en Consejo Acad\u00e9mico, Centro de Estudiantes, cuerpo de delegados<\/td><td>07-PCA<\/td><td>15<\/td><\/tr><tr><td>Participaci\u00f3n en proyecto o programa jurisdiccional<\/td><td>08-PCA<\/td><td>15<\/td><\/tr><tr><td>Pr\u00e1cticas pedag\u00f3gicas \u00e1ulicas*<\/td><td>09-PCA<\/td><td>17<\/td><\/tr><tr><td>Participaci\u00f3n en proyectos institucionales<\/td><td>10-PCA<\/td><td>20<\/td><\/tr><tr><td>Presentaci\u00f3n de ponencia<\/td><td>11-PCA<\/td><td>22<\/td><\/tr><tr><td>Beca de formaci\u00f3n<\/td><td>12-PCA<\/td><td>25<\/td><\/tr><tr><td>Participaci\u00f3n como organizador de jornadas, simposios, talleres, cursos<\/td><td>13-PCA<\/td><td>35<\/td><\/tr><tr><td>Participaci\u00f3n en proyectos de investigaci\u00f3n<\/td><td>14-PCA<\/td><td>35<\/td><\/tr><\/tbody><\/table><\/figure>\n\n\n\n<p>*Actividades desarrolladas como trayectos alternativos por fuera de la planificaci\u00f3n de la c\u00e1tedra.<\/p>\n\n\n\n<p>Para solicitar el otorgamiento de cr\u00e9ditos se deber\u00e1 presentar la <strong>Solicitud de Reconocimiento de Cr\u00e9ditos<\/strong> <strong>Acad\u00e9micos<\/strong>, acompa\u00f1ada de las certificaciones de las actividades realizadas, en las fechas indicadas por el calendario institucional con dos folios tama\u00f1o oficio.<\/p>\n\n\n\n<pre class=\"wp-block-preformatted has-text-color\" style=\"color:#d80000\"><strong>IMPORTANTE:<\/strong> Las certificaciones se presentan como fotocopias legalizadas de sus originales. Se podr\u00e1n legalizar al momento de su presentaci\u00f3n o por las instituciones que emitieron esos certificados.<\/pre>\n\n\n\n<div class=\"wp-block-buttons is-layout-flex\">\n<div class=\"wp-block-button has-custom-width wp-block-button__width-100 is-style-outline\"><a class=\"wp-block-button__link has-background wp-element-button\" href=\"https:\/\/drive.google.com\/file\/d\/1b1-ISGmQDGfeMG2RBOKdxQaeWpstqwMc\/view?usp=sharing\" style=\"background-color:#c4dccb\" target=\"_blank\" rel=\"noreferrer noopener\">Solicitud de Reconocimiento de Cr\u00e9ditos Acad\u00e9micos<\/a><\/div>\n<\/div>\n\n\n\n<div class=\"wp-block-buttons is-layout-flex\">\n<div class=\"wp-block-button has-custom-width wp-block-button__width-100 is-style-fill\"><a class=\"wp-block-button__link has-background wp-element-button\" href=\"https:\/\/drive.google.com\/file\/d\/1XYGuAiS97JBSctqXFz7uu_dSbuY00em1\/view?usp=sharing\" style=\"background-color:#187031\" target=\"_blank\" rel=\"noreferrer noopener\">Tabla de valoraci\u00f3n de Actividades Formativas<\/a><\/div>\n<\/div>\n","protected":false},"excerpt":{"rendered":"<p>Presentaci\u00f3n de Solicitudes 27 de Agosto de 20259:00-12:3015:00-18:00 -En el Departamento de Formaci\u00f3n Inicial- El programa de actualizaci\u00f3n cient\u00edfico-acad\u00e9mico se basa en el reconocimiento de trayectos formativos alternativos a las propuestas ofrecidas en los planes de estudios\/dise\u00f1os curriculares.&nbsp; De este modo, se brinda la posibilidad a los\/las estudiantes de acreditar 64 horas c\u00e1tedras mediante el &#8230; <a title=\"Programa de Actualizaci\u00f3n Cient\u00edfico-Acad\u00e9mica\" class=\"read-more\" href=\"https:\/\/enssarmiento-sjn.infd.edu.ar\/sitio\/formacion-inicial\/creditos-academicos\/\" aria-label=\"More on Programa de Actualizaci\u00f3n Cient\u00edfico-Acad\u00e9mica\">[+]<\/a><\/p>\n","protected":false},"author":4461,"featured_media":0,"parent":1267,"menu_order":1,"comment_status":"closed","ping_status":"closed","template":"","meta":[],"acf":[],"_links":{"self":[{"href":"https:\/\/enssarmiento-sjn.infd.edu.ar\/sitio\/wp-json\/wp\/v2\/pages\/4341"}],"collection":[{"href":"https:\/\/enssarmiento-sjn.infd.edu.ar\/sitio\/wp-json\/wp\/v2\/pages"}],"about":[{"href":"https:\/\/enssarmiento-sjn.infd.edu.ar\/sitio\/wp-json\/wp\/v2\/types\/page"}],"author":[{"embeddable":true,"href":"https:\/\/enssarmiento-sjn.infd.edu.ar\/sitio\/wp-json\/wp\/v2\/users\/4461"}],"replies":[{"embeddable":true,"href":"https:\/\/enssarmiento-sjn.infd.edu.ar\/sitio\/wp-json\/wp\/v2\/comments?post=4341"}],"version-history":[{"count":5,"href":"https:\/\/enssarmiento-sjn.infd.edu.ar\/sitio\/wp-json\/wp\/v2\/pages\/4341\/revisions"}],"predecessor-version":[{"id":4355,"href":"https:\/\/enssarmiento-sjn.infd.edu.ar\/sitio\/wp-json\/wp\/v2\/pages\/4341\/revisions\/4355"}],"up":[{"embeddable":true,"href":"https:\/\/enssarmiento-sjn.infd.edu.ar\/sitio\/wp-json\/wp\/v2\/pages\/1267"}],"wp:attachment":[{"href":"https:\/\/enssarmiento-sjn.infd.edu.ar\/sitio\/wp-json\/wp\/v2\/media?parent=4341"}],"curies":[{"name":"wp","href":"https:\/\/api.w.org\/{rel}","templated":true}]}}