{"id":4328,"date":"2025-12-14T21:40:00","date_gmt":"2025-12-15T00:40:00","guid":{"rendered":"https:\/\/enssarmiento-sjn.infd.edu.ar\/sitio\/?page_id=4328"},"modified":"2025-12-15T16:02:46","modified_gmt":"2025-12-15T19:02:46","slug":"ingreso","status":"publish","type":"page","link":"https:\/\/enssarmiento-sjn.infd.edu.ar\/sitio\/ingreso\/","title":{"rendered":"Ingreso 2026"},"content":{"rendered":"\n<p><\/p>\n\n\n\n<h2 class=\"wp-block-heading\">Cronograma<\/h2>\n\n\n\n<div class=\"wp-block-file\"><object class=\"wp-block-file__embed\" data=\"https:\/\/enssarmiento-sjn.infd.edu.ar\/sitio\/wp-content\/uploads\/2025\/12\/ISFD-ENSS.-Cronograma-de-Inscripcion-Ingrestantes-2026.pdf\" type=\"application\/pdf\" style=\"width:100%;height:562px\" aria-label=\"Incrustado de ISFD-ENSS.-Cronograma-de-Inscripcion-Ingrestantes-2026.\"><\/object><a id=\"wp-block-file--media-7f6f90af-6d77-4315-a85f-27a7a66b6135\" href=\"https:\/\/enssarmiento-sjn.infd.edu.ar\/sitio\/wp-content\/uploads\/2025\/12\/ISFD-ENSS.-Cronograma-de-Inscripcion-Ingrestantes-2026.pdf\">ISFD-ENSS.-Cronograma-de-Inscripcion-Ingrestantes-2026<\/a><a href=\"https:\/\/enssarmiento-sjn.infd.edu.ar\/sitio\/wp-content\/uploads\/2025\/12\/ISFD-ENSS.-Cronograma-de-Inscripcion-Ingrestantes-2026.pdf\" class=\"wp-block-file__button wp-element-button\" download aria-describedby=\"wp-block-file--media-7f6f90af-6d77-4315-a85f-27a7a66b6135\">Descarga<\/a><\/div>\n\n\n\n<hr class=\"wp-block-separator aligncenter has-alpha-channel-opacity is-style-wide\"\/>\n\n\n\n<h3 class=\"wp-block-heading\"><span style=\"color: #333399;\"><strong>REQUISITOS PARA LA INSCRIPCI\u00d3N PRESENCIAL<\/strong><\/span><\/h3>\n\n\n\n<p><span style=\"color: #333399;\"><strong><span style=\"color: #ff0000;\">LA INSCRIPCI\u00d3N PRESENCIAL ES POSTERIOR A LA PRE-INSCRIPCI\u00d3N VIRTUAL<\/span><\/strong><\/span><\/p>\n\n\n<div class=\"wp-block-image\">\n<figure class=\"aligncenter\"><img decoding=\"async\" loading=\"lazy\" width=\"707\" height=\"1000\" src=\"https:\/\/enssarmiento-sjn.infd.edu.ar\/sitio\/wp-content\/uploads\/2024\/12\/Requisitos-Ingreso_Normal-Sarmiento_2025-707x1000.jpeg\" alt=\"\" class=\"wp-image-4203\" srcset=\"https:\/\/enssarmiento-sjn.infd.edu.ar\/sitio\/wp-content\/uploads\/2024\/12\/Requisitos-Ingreso_Normal-Sarmiento_2025-707x1000.jpeg 707w, https:\/\/enssarmiento-sjn.infd.edu.ar\/sitio\/wp-content\/uploads\/2024\/12\/Requisitos-Ingreso_Normal-Sarmiento_2025-768x1086.jpeg 768w, https:\/\/enssarmiento-sjn.infd.edu.ar\/sitio\/wp-content\/uploads\/2024\/12\/Requisitos-Ingreso_Normal-Sarmiento_2025.jpeg 905w\" sizes=\"(max-width: 707px) 100vw, 707px\" \/><\/figure><\/div>\n\n\n<hr class=\"wp-block-separator has-alpha-channel-opacity\"\/>\n\n\n\n<p><\/p>\n","protected":false},"excerpt":{"rendered":"<p>Cronograma REQUISITOS PARA LA INSCRIPCI\u00d3N PRESENCIAL LA INSCRIPCI\u00d3N PRESENCIAL ES POSTERIOR A LA PRE-INSCRIPCI\u00d3N VIRTUAL<\/p>\n","protected":false},"author":4461,"featured_media":0,"parent":0,"menu_order":0,"comment_status":"closed","ping_status":"closed","template":"","meta":[],"acf":[],"_links":{"self":[{"href":"https:\/\/enssarmiento-sjn.infd.edu.ar\/sitio\/wp-json\/wp\/v2\/pages\/4328"}],"collection":[{"href":"https:\/\/enssarmiento-sjn.infd.edu.ar\/sitio\/wp-json\/wp\/v2\/pages"}],"about":[{"href":"https:\/\/enssarmiento-sjn.infd.edu.ar\/sitio\/wp-json\/wp\/v2\/types\/page"}],"author":[{"embeddable":true,"href":"https:\/\/enssarmiento-sjn.infd.edu.ar\/sitio\/wp-json\/wp\/v2\/users\/4461"}],"replies":[{"embeddable":true,"href":"https:\/\/enssarmiento-sjn.infd.edu.ar\/sitio\/wp-json\/wp\/v2\/comments?post=4328"}],"version-history":[{"count":19,"href":"https:\/\/enssarmiento-sjn.infd.edu.ar\/sitio\/wp-json\/wp\/v2\/pages\/4328\/revisions"}],"predecessor-version":[{"id":4418,"href":"https:\/\/enssarmiento-sjn.infd.edu.ar\/sitio\/wp-json\/wp\/v2\/pages\/4328\/revisions\/4418"}],"wp:attachment":[{"href":"https:\/\/enssarmiento-sjn.infd.edu.ar\/sitio\/wp-json\/wp\/v2\/media?parent=4328"}],"curies":[{"name":"wp","href":"https:\/\/api.w.org\/{rel}","templated":true}]}}