{"id":4123,"date":"2024-05-30T10:41:57","date_gmt":"2024-05-30T13:41:57","guid":{"rendered":"https:\/\/enssarmiento-sjn.infd.edu.ar\/sitio\/?page_id=4123"},"modified":"2025-11-16T21:48:01","modified_gmt":"2025-11-17T00:48:01","slug":"horario-de-consultas","status":"publish","type":"page","link":"https:\/\/enssarmiento-sjn.infd.edu.ar\/sitio\/bedelia\/horario-de-consultas\/","title":{"rendered":"Horario de Consultas"},"content":{"rendered":"\n<h2 class=\"wp-block-heading has-electric-grass-gradient-background has-background\" style=\"font-size:27px;font-style:normal;font-weight:700;text-transform:none\">Consultas para Mesas de Ex\u00e1menes<\/h2>\n\n\n\n<div class=\"wp-block-columns has-text-color is-layout-flex wp-container-4\" style=\"color:#434d39\">\n<div class=\"wp-block-column is-vertically-aligned-center is-layout-flow\">\n<p class=\"has-text-align-center has-background\" style=\"background:linear-gradient(135deg,rgb(202,248,128) 32%,rgb(113,206,126) 54%)\">PROFESORADO DE EDUCACI\u00d3N INICIAL<\/p>\n<\/div>\n\n\n\n<div class=\"wp-block-column is-vertically-aligned-center is-layout-flow\">\n<p class=\"has-text-align-center has-electric-grass-gradient-background has-background\">PROFESORADO DE EDUCACI\u00d3N PRIMARIA<\/p>\n<\/div>\n\n\n\n<div class=\"wp-block-column is-vertically-aligned-center is-layout-flow\">\n<p class=\"has-text-align-center has-background\" style=\"background:linear-gradient(135deg,rgb(202,248,128) 0%,rgb(113,206,126) 18%)\">PROFESORADO DE EDUCACI\u00d3N SECUNDARIA EN LENGUA Y LITERATURA<\/p>\n<\/div>\n<\/div>\n","protected":false},"excerpt":{"rendered":"<p>Consultas para Mesas de Ex\u00e1menes PROFESORADO DE EDUCACI\u00d3N INICIAL PROFESORADO DE EDUCACI\u00d3N PRIMARIA PROFESORADO DE EDUCACI\u00d3N SECUNDARIA EN LENGUA Y LITERATURA<\/p>\n","protected":false},"author":3208,"featured_media":0,"parent":4004,"menu_order":1,"comment_status":"closed","ping_status":"closed","template":"","meta":[],"acf":[],"_links":{"self":[{"href":"https:\/\/enssarmiento-sjn.infd.edu.ar\/sitio\/wp-json\/wp\/v2\/pages\/4123"}],"collection":[{"href":"https:\/\/enssarmiento-sjn.infd.edu.ar\/sitio\/wp-json\/wp\/v2\/pages"}],"about":[{"href":"https:\/\/enssarmiento-sjn.infd.edu.ar\/sitio\/wp-json\/wp\/v2\/types\/page"}],"author":[{"embeddable":true,"href":"https:\/\/enssarmiento-sjn.infd.edu.ar\/sitio\/wp-json\/wp\/v2\/users\/3208"}],"replies":[{"embeddable":true,"href":"https:\/\/enssarmiento-sjn.infd.edu.ar\/sitio\/wp-json\/wp\/v2\/comments?post=4123"}],"version-history":[{"count":2,"href":"https:\/\/enssarmiento-sjn.infd.edu.ar\/sitio\/wp-json\/wp\/v2\/pages\/4123\/revisions"}],"predecessor-version":[{"id":4361,"href":"https:\/\/enssarmiento-sjn.infd.edu.ar\/sitio\/wp-json\/wp\/v2\/pages\/4123\/revisions\/4361"}],"up":[{"embeddable":true,"href":"https:\/\/enssarmiento-sjn.infd.edu.ar\/sitio\/wp-json\/wp\/v2\/pages\/4004"}],"wp:attachment":[{"href":"https:\/\/enssarmiento-sjn.infd.edu.ar\/sitio\/wp-json\/wp\/v2\/media?parent=4123"}],"curies":[{"name":"wp","href":"https:\/\/api.w.org\/{rel}","templated":true}]}}