{"id":4004,"date":"2024-05-21T12:22:19","date_gmt":"2024-05-21T15:22:19","guid":{"rendered":"https:\/\/enssarmiento-sjn.infd.edu.ar\/sitio\/?page_id=4004"},"modified":"2025-11-16T21:32:50","modified_gmt":"2025-11-17T00:32:50","slug":"bedelia","status":"publish","type":"page","link":"https:\/\/enssarmiento-sjn.infd.edu.ar\/sitio\/bedelia\/","title":{"rendered":"Bedel\u00eda"},"content":{"rendered":"<p style=\"text-align: center;\"><strong>Bedel:<em> Lic. Susana Guerra<\/em><\/strong><\/p>\n<p>Esta \u00e1rea asesora en todo lo referente al cuerpo docente y al alumnado. Sus funciones esenciales son:<\/p>\n<ul>\n<li>Distribuci\u00f3n de los espacios f\u00edsicos para las clases.<\/li>\n<li>Control de asistencia docente.<\/li>\n<li>Brindar informaci\u00f3n sobre los horarios de clases al estudiante.<\/li>\n<li>Dar referencia a las normativas vigentes y reglamentaciones al cuerpo docente.<\/li>\n<li>Expedir diferentes tipos de constancias para el alumnado (certificado de examen, certificado de regularidad, certificado de transporte, situaci\u00f3n acad\u00e9mica)<\/li>\n<\/ul>\n<hr \/>\n<p><span style=\"color: #333333;\"><em><strong>Preceptoras PEI<\/strong><\/em><\/span><\/p>\n<ul>\n<li>1\u00b0 A\u00f1o: Prof.<\/li>\n<li>2\u00b0 A\u00f1o: Prof. Gimena Rivas<\/li>\n<li>3\u00b0 A\u00f1o: Prof. Mariela Tejada<\/li>\n<li>4\u00b0 A\u00f1o: Lic. Carola Del Castillo<\/li>\n<\/ul>\n<hr \/>\n<p><em><strong>Preceptoras PEP<\/strong><\/em><\/p>\n<ul>\n<li>1\u00b0 A\u00f1o: Prof. Patricia Gimenez<\/li>\n<li>2\u00b0 A\u00f1o: Lic. Andrea Rivarosa<\/li>\n<li>3\u00b0 A\u00f1o: Prof. Carina Miranda<\/li>\n<li>4\u00b0 A\u00f1o: Lic. Carola Del Castillo<\/li>\n<\/ul>\n<hr \/>\n<p><em><strong>Preceptor PESLyL<\/strong><\/em><\/p>\n<ul>\n<li>Prof. Hugo Pombo<\/li>\n<\/ul>\n","protected":false},"excerpt":{"rendered":"<p>Bedel: Lic. Susana Guerra Esta \u00e1rea asesora en todo lo referente al cuerpo docente y al alumnado. Sus funciones esenciales son: Distribuci\u00f3n de los espacios f\u00edsicos para las clases. Control de asistencia docente. Brindar informaci\u00f3n sobre los horarios de clases al estudiante. Dar referencia a las normativas vigentes y reglamentaciones al cuerpo docente. Expedir diferentes &#8230; <a title=\"Bedel\u00eda\" class=\"read-more\" href=\"https:\/\/enssarmiento-sjn.infd.edu.ar\/sitio\/bedelia\/\" aria-label=\"More on Bedel\u00eda\">[+]<\/a><\/p>\n","protected":false},"author":3208,"featured_media":0,"parent":0,"menu_order":0,"comment_status":"closed","ping_status":"closed","template":"","meta":[],"acf":[],"_links":{"self":[{"href":"https:\/\/enssarmiento-sjn.infd.edu.ar\/sitio\/wp-json\/wp\/v2\/pages\/4004"}],"collection":[{"href":"https:\/\/enssarmiento-sjn.infd.edu.ar\/sitio\/wp-json\/wp\/v2\/pages"}],"about":[{"href":"https:\/\/enssarmiento-sjn.infd.edu.ar\/sitio\/wp-json\/wp\/v2\/types\/page"}],"author":[{"embeddable":true,"href":"https:\/\/enssarmiento-sjn.infd.edu.ar\/sitio\/wp-json\/wp\/v2\/users\/3208"}],"replies":[{"embeddable":true,"href":"https:\/\/enssarmiento-sjn.infd.edu.ar\/sitio\/wp-json\/wp\/v2\/comments?post=4004"}],"version-history":[{"count":15,"href":"https:\/\/enssarmiento-sjn.infd.edu.ar\/sitio\/wp-json\/wp\/v2\/pages\/4004\/revisions"}],"predecessor-version":[{"id":4359,"href":"https:\/\/enssarmiento-sjn.infd.edu.ar\/sitio\/wp-json\/wp\/v2\/pages\/4004\/revisions\/4359"}],"wp:attachment":[{"href":"https:\/\/enssarmiento-sjn.infd.edu.ar\/sitio\/wp-json\/wp\/v2\/media?parent=4004"}],"curies":[{"name":"wp","href":"https:\/\/api.w.org\/{rel}","templated":true}]}}