{"id":3388,"date":"2021-12-06T10:20:27","date_gmt":"2021-12-06T13:20:27","guid":{"rendered":"https:\/\/enssarmiento-sjn.infd.edu.ar\/sitio\/?page_id=3388"},"modified":"2021-12-06T10:26:48","modified_gmt":"2021-12-06T13:26:48","slug":"video-de-presentacion","status":"publish","type":"page","link":"https:\/\/enssarmiento-sjn.infd.edu.ar\/sitio\/video-de-presentacion\/","title":{"rendered":"Video de presentaci\u00f3n"},"content":{"rendered":"\n<figure class=\"wp-block-embed is-type-video is-provider-youtube wp-block-embed-youtube wp-embed-aspect-16-9 wp-has-aspect-ratio\"><div class=\"wp-block-embed__wrapper\">\n<iframe loading=\"lazy\" title=\"Video Especializaci\u00f3n en Educaci\u00f3n Permanente de J\u00f3venes y Adultos de Educaci\u00f3n Primaria\" width=\"1200\" height=\"675\" src=\"https:\/\/www.youtube.com\/embed\/4QzUqv7OPOY?feature=oembed\" frameborder=\"0\" allow=\"accelerometer; autoplay; clipboard-write; encrypted-media; gyroscope; picture-in-picture\" allowfullscreen><\/iframe>\n<\/div><\/figure>\n\n\n\n<p class=\"has-text-align-center\"><strong><em>La preinscripci\u00f3n se realizar\u00e1 desde el 18 de noviembre al 17 de diciembre de 2021\u00a0<\/em><\/strong>a trav\u00e9s del siguiente enlace:\u00a0<a href=\"https:\/\/forms.gle\/ahJVjbDdqG8F3woS6\">https:\/\/forms.gle\/ahJVjbDdqG8F3woS6<\/a>.\u00a0<\/p>\n","protected":false},"excerpt":{"rendered":"<p>La preinscripci\u00f3n se realizar\u00e1 desde el 18 de noviembre al 17 de diciembre de 2021\u00a0a trav\u00e9s del siguiente enlace:\u00a0https:\/\/forms.gle\/ahJVjbDdqG8F3woS6.\u00a0<\/p>\n","protected":false},"author":2887,"featured_media":0,"parent":0,"menu_order":0,"comment_status":"closed","ping_status":"closed","template":"","meta":[],"acf":[],"_links":{"self":[{"href":"https:\/\/enssarmiento-sjn.infd.edu.ar\/sitio\/wp-json\/wp\/v2\/pages\/3388"}],"collection":[{"href":"https:\/\/enssarmiento-sjn.infd.edu.ar\/sitio\/wp-json\/wp\/v2\/pages"}],"about":[{"href":"https:\/\/enssarmiento-sjn.infd.edu.ar\/sitio\/wp-json\/wp\/v2\/types\/page"}],"author":[{"embeddable":true,"href":"https:\/\/enssarmiento-sjn.infd.edu.ar\/sitio\/wp-json\/wp\/v2\/users\/2887"}],"replies":[{"embeddable":true,"href":"https:\/\/enssarmiento-sjn.infd.edu.ar\/sitio\/wp-json\/wp\/v2\/comments?post=3388"}],"version-history":[{"count":2,"href":"https:\/\/enssarmiento-sjn.infd.edu.ar\/sitio\/wp-json\/wp\/v2\/pages\/3388\/revisions"}],"predecessor-version":[{"id":3394,"href":"https:\/\/enssarmiento-sjn.infd.edu.ar\/sitio\/wp-json\/wp\/v2\/pages\/3388\/revisions\/3394"}],"wp:attachment":[{"href":"https:\/\/enssarmiento-sjn.infd.edu.ar\/sitio\/wp-json\/wp\/v2\/media?parent=3388"}],"curies":[{"name":"wp","href":"https:\/\/api.w.org\/{rel}","templated":true}]}}