{"id":3380,"date":"2021-12-06T10:03:55","date_gmt":"2021-12-06T13:03:55","guid":{"rendered":"https:\/\/enssarmiento-sjn.infd.edu.ar\/sitio\/?page_id=3380"},"modified":"2021-12-06T10:10:35","modified_gmt":"2021-12-06T13:10:35","slug":"informacion-general","status":"publish","type":"page","link":"https:\/\/enssarmiento-sjn.infd.edu.ar\/sitio\/informacion-general\/","title":{"rendered":"Informaci\u00f3n General"},"content":{"rendered":"\n<p><strong>Se abre una Especializaci\u00f3n en Educaci\u00f3n Permanente de J\u00f3venes y Adultos de Educaci\u00f3n Primaria<\/strong><\/p>\n\n\n\n<p><em>El Post\u00edtulo Docente de Nivel Superior brindado para los docentes de nivel primario comenzar\u00e1 en marzo de 2022 con una duraci\u00f3n de 400 horas-reloj.<\/em><\/p>\n\n\n\n<p>La Especializaci\u00f3n Docente de Nivel Superior en Educaci\u00f3n Permanente de J\u00f3venes y Adultos de Educaci\u00f3n Primaria, aprobada por la Resoluci\u00f3n N\u00b0 4253-ME-2021, se centra en la Educaci\u00f3n Primaria destinada a j\u00f3venes y adultos. Est\u00e1 dictada en conjunto por los Institutos de Formaci\u00f3n Docente Normal Superior \u201cSarmiento\u201d y Normal Superior General \u201cSan Mart\u00edn\u00bb y buscar\u00e1 cubrir un \u00e1rea de actualizaci\u00f3n que est\u00e1 vacante en la Provincia de San Juan.<\/p>\n\n\n\n<p><strong><em><span style=\"color:#0037a3\" class=\"has-inline-color\">La preinscripci\u00f3n se realizar\u00e1 desde el 18 de noviembre al 17 de diciembre de 2021 <\/span><\/em><\/strong>a trav\u00e9s del siguiente enlace: <a href=\"https:\/\/forms.gle\/ahJVjbDdqG8F3woS6\">https:\/\/forms.gle\/ahJVjbDdqG8F3woS6<\/a>. El m\u00f3dulo I est\u00e1 programado para comenzar el 7 de marzo de 2022<\/p>\n\n\n\n<p>Para acceder a la certificaci\u00f3n de la Especializaci\u00f3n es imprescindible contar con t\u00edtulo docente de Nivel Superior de 4 a\u00f1os o m\u00e1s de duraci\u00f3n.<\/p>\n\n\n\n<p>Los destinatarios son:<\/p>\n\n\n\n<ul><li>docentes que se desempe\u00f1an en Educaci\u00f3n Primaria de J\u00f3venes y Adultos de gesti\u00f3n estatal y\/o privada;<\/li><li>docentes que se desempe\u00f1an en Educaci\u00f3n Primaria com\u00fan de gesti\u00f3n estatal y\/o privada;<\/li><li>profesores de Educaci\u00f3n Primaria que no se encuentran en actividad;<\/li><li>y docentes de Nivel Superior interesados en la tem\u00e1tica.<\/li><\/ul>\n\n\n\n<p>La modalidad de implementaci\u00f3n es Bimodal, con clases virtuales y encuentros presenciales. Para m\u00e1s informaci\u00f3n pueden consultar en: especializaci\u00f3n.epja@gmail.com<\/p>\n\n\n\n<p>Importante: una vez completado el formulario de pre-inscripci\u00f3n es necesario realizar la inscripci\u00f3n definitiva presentando la siguiente documentaci\u00f3n:<\/p>\n\n\n\n<ul><li>Fotocopia de DNI.<\/li><li>Fotocopia autenticada del t\u00edtulo de nivel superior<\/li><li>Certificaci\u00f3n de servicio (en caso que corresponda).<\/li><\/ul>\n\n\n\n<p>La presentaci\u00f3n de esta documentaci\u00f3n debe realizarse en un plazo no mayor a los 30 d\u00edas corridos a partir de la confirmaci\u00f3n que cursar\u00e1 el post\u00edtulo, en d\u00eda y horario a designar.<\/p>\n\n\n\n<p>En el \u00e1mbito provincial esta educaci\u00f3n comprende el conjunto de actividades educacionales para la poblaci\u00f3n de quince a\u00f1os o m\u00e1s, que asiste a instancias escolares organizadas para completar la educaci\u00f3n primaria (educaci\u00f3n formal de adultos), incluyendo adem\u00e1s la oferta educativa no formal. En este post\u00edtulo se considera la posibilidad de trabajar y formar docentes que ya conocen la modalidad y que est\u00e1n ejerciendo o bien que est\u00e9n interesados y se quieran preparar para incorporarse a la EPJA.<\/p>\n\n\n\n<p>En la actualidad en nuestra jurisdicci\u00f3n, no existen instancias de formaci\u00f3n docente espec\u00edficas para desempe\u00f1arse en este \u00e1mbito. As\u00ed, el t\u00edtulo de \u201cProfesor de Educaci\u00f3n Primaria\u201d habilita a los egresados para trabajar no s\u00f3lo con ni\u00f1os sino tambi\u00e9n con j\u00f3venes y adultos. Consecuentemente, los alumnos egresados del Profesorado de Educaci\u00f3n Primaria encuentran en este contexto, un posible campo de inserci\u00f3n laboral.<\/p>\n\n\n\n<p>Por ello, la Direcci\u00f3n de Educaci\u00f3n de Adultos del Ministerio de Educaci\u00f3n solicit\u00f3 a la Direcci\u00f3n de Educaci\u00f3n Superior, en el \u00e1mbito de los ISFD, el dise\u00f1o de propuestas formativas contextualizadas que les posibilite a los docentes incorporar conocimientos que les ayuden a resignificar lo que sucede cotidianamente en las instituciones en las cuales se desempe\u00f1an. Este pedido coincidi\u00f3 con la intenci\u00f3n de los ISFD Normal Superior \u201cSarmiento\u201d y Normal Superior \u201cGeneral San Mart\u00edn\u00bb de presentar un post\u00edtulo que cubriera esta vacancia.<\/p>\n\n\n\n<figure class=\"wp-block-embed\"><div class=\"wp-block-embed__wrapper\">\nhttps:\/\/enssarmiento-sjn.infd.edu.ar\n<\/div><\/figure>\n\n\n\n<figure class=\"wp-block-embed\"><div class=\"wp-block-embed__wrapper\">\nhttps:\/\/enssanmartin-sjn.infd.edu.ar\n<\/div><\/figure>\n","protected":false},"excerpt":{"rendered":"<p>Se abre una Especializaci\u00f3n en Educaci\u00f3n Permanente de J\u00f3venes y Adultos de Educaci\u00f3n Primaria El Post\u00edtulo Docente de Nivel Superior brindado para los docentes de nivel primario comenzar\u00e1 en marzo de 2022 con una duraci\u00f3n de 400 horas-reloj. La Especializaci\u00f3n Docente de Nivel Superior en Educaci\u00f3n Permanente de J\u00f3venes y Adultos de Educaci\u00f3n Primaria, aprobada &#8230; <a title=\"Informaci\u00f3n General\" class=\"read-more\" href=\"https:\/\/enssarmiento-sjn.infd.edu.ar\/sitio\/informacion-general\/\" aria-label=\"More on Informaci\u00f3n General\">[+]<\/a><\/p>\n","protected":false},"author":2887,"featured_media":0,"parent":0,"menu_order":0,"comment_status":"closed","ping_status":"closed","template":"","meta":[],"acf":[],"_links":{"self":[{"href":"https:\/\/enssarmiento-sjn.infd.edu.ar\/sitio\/wp-json\/wp\/v2\/pages\/3380"}],"collection":[{"href":"https:\/\/enssarmiento-sjn.infd.edu.ar\/sitio\/wp-json\/wp\/v2\/pages"}],"about":[{"href":"https:\/\/enssarmiento-sjn.infd.edu.ar\/sitio\/wp-json\/wp\/v2\/types\/page"}],"author":[{"embeddable":true,"href":"https:\/\/enssarmiento-sjn.infd.edu.ar\/sitio\/wp-json\/wp\/v2\/users\/2887"}],"replies":[{"embeddable":true,"href":"https:\/\/enssarmiento-sjn.infd.edu.ar\/sitio\/wp-json\/wp\/v2\/comments?post=3380"}],"version-history":[{"count":2,"href":"https:\/\/enssarmiento-sjn.infd.edu.ar\/sitio\/wp-json\/wp\/v2\/pages\/3380\/revisions"}],"predecessor-version":[{"id":3386,"href":"https:\/\/enssarmiento-sjn.infd.edu.ar\/sitio\/wp-json\/wp\/v2\/pages\/3380\/revisions\/3386"}],"wp:attachment":[{"href":"https:\/\/enssarmiento-sjn.infd.edu.ar\/sitio\/wp-json\/wp\/v2\/media?parent=3380"}],"curies":[{"name":"wp","href":"https:\/\/api.w.org\/{rel}","templated":true}]}}