{"id":3377,"date":"2021-12-06T10:02:03","date_gmt":"2021-12-06T13:02:03","guid":{"rendered":"https:\/\/enssarmiento-sjn.infd.edu.ar\/sitio\/?page_id=3377"},"modified":"2021-12-06T10:02:04","modified_gmt":"2021-12-06T13:02:04","slug":"especializacion-en-educacion-permanente-de-jovenes-y-adultos-de-educacion-primaria","status":"publish","type":"page","link":"https:\/\/enssarmiento-sjn.infd.edu.ar\/sitio\/especializacion-en-educacion-permanente-de-jovenes-y-adultos-de-educacion-primaria\/","title":{"rendered":"Especializaci\u00f3n en Educaci\u00f3n Permanente de J\u00f3venes y Adultos de Educaci\u00f3n Primaria"},"content":{"rendered":"","protected":false},"excerpt":{"rendered":"","protected":false},"author":2887,"featured_media":0,"parent":0,"menu_order":0,"comment_status":"closed","ping_status":"closed","template":"","meta":[],"acf":[],"_links":{"self":[{"href":"https:\/\/enssarmiento-sjn.infd.edu.ar\/sitio\/wp-json\/wp\/v2\/pages\/3377"}],"collection":[{"href":"https:\/\/enssarmiento-sjn.infd.edu.ar\/sitio\/wp-json\/wp\/v2\/pages"}],"about":[{"href":"https:\/\/enssarmiento-sjn.infd.edu.ar\/sitio\/wp-json\/wp\/v2\/types\/page"}],"author":[{"embeddable":true,"href":"https:\/\/enssarmiento-sjn.infd.edu.ar\/sitio\/wp-json\/wp\/v2\/users\/2887"}],"replies":[{"embeddable":true,"href":"https:\/\/enssarmiento-sjn.infd.edu.ar\/sitio\/wp-json\/wp\/v2\/comments?post=3377"}],"version-history":[{"count":1,"href":"https:\/\/enssarmiento-sjn.infd.edu.ar\/sitio\/wp-json\/wp\/v2\/pages\/3377\/revisions"}],"predecessor-version":[{"id":3378,"href":"https:\/\/enssarmiento-sjn.infd.edu.ar\/sitio\/wp-json\/wp\/v2\/pages\/3377\/revisions\/3378"}],"wp:attachment":[{"href":"https:\/\/enssarmiento-sjn.infd.edu.ar\/sitio\/wp-json\/wp\/v2\/media?parent=3377"}],"curies":[{"name":"wp","href":"https:\/\/api.w.org\/{rel}","templated":true}]}}