{"id":286,"date":"2016-10-31T13:17:59","date_gmt":"2016-10-31T16:17:59","guid":{"rendered":"https:\/\/enssarmiento-sjn.infd.edu.ar\/sitio\/?page_id=286"},"modified":"2025-08-17T20:42:26","modified_gmt":"2025-08-17T23:42:26","slug":"inicio","status":"publish","type":"page","link":"https:\/\/enssarmiento-sjn.infd.edu.ar\/sitio\/","title":{"rendered":"\u00a1Bienvenidos!"},"content":{"rendered":"\n<figure class=\"wp-block-gallery has-nested-images columns-default is-cropped wp-block-gallery-1 is-layout-flex\">\n<figure class=\"wp-block-image size-medium is-style-default\"><img decoding=\"async\" loading=\"lazy\" width=\"1000\" height=\"753\" data-id=\"3944\"  src=\"https:\/\/enssarmiento-sjn.infd.edu.ar\/sitio\/wp-content\/uploads\/2024\/05\/Frente_Esc_Sarmiento-1-1000x753.jpg\" alt=\"\" class=\"wp-image-3944\" srcset=\"https:\/\/enssarmiento-sjn.infd.edu.ar\/sitio\/wp-content\/uploads\/2024\/05\/Frente_Esc_Sarmiento-1-1000x753.jpg 1000w, https:\/\/enssarmiento-sjn.infd.edu.ar\/sitio\/wp-content\/uploads\/2024\/05\/Frente_Esc_Sarmiento-1-768x578.jpg 768w, https:\/\/enssarmiento-sjn.infd.edu.ar\/sitio\/wp-content\/uploads\/2024\/05\/Frente_Esc_Sarmiento-1.jpg 1048w\" sizes=\"(max-width: 1000px) 100vw, 1000px\" \/><\/figure>\n<\/figure>\n\n\n<p style=\"text-align: center;\">Nos complace recibirlos en nuestro sitio web, un espacio dise\u00f1ado para ofrecerles toda la informaci\u00f3n y los recursos necesarios para acompa\u00f1arlos en su recorrido acad\u00e9mico. Nuestra instituci\u00f3n se enorgullece de una rica historia y tradici\u00f3n en la formaci\u00f3n de profesionales de la educaci\u00f3n comprometidos.<\/p>\n<p style=\"text-align: center;\">Los invitamos a explorar nuestro sitio para obtener m\u00e1s informaci\u00f3n sobre nuestros programas, noticias y eventos.<\/p>\n<p style=\"text-align: center;\">Gracias por visitarnos. \u00a1Esperamos que su experiencia con nosotros sea enriquecedora y llena de aprendizaje!<\/p>\n<p style=\"text-align: center;\"><strong>Instituto Superior de Formaci\u00f3n Docente &#8211; <em>Escuela Normal Superior \u00abSarmiento\u00bb<\/em><\/strong><\/p>\n<blockquote>\n<p style=\"text-align: center;\"><strong>Formando docentes, <em>construyendo<\/em> futuros.<\/strong><\/p>\n<\/blockquote>\n<p>Para cualquier consulta o informaci\u00f3n adicional, no duden en contactarnos a trav\u00e9s de nuestros canales de comunicaci\u00f3n.<span style=\"font-size: 10pt;\">\u00a0<\/span><\/p>","protected":false},"excerpt":{"rendered":"<p>Nos complace recibirlos en nuestro sitio web, un espacio dise\u00f1ado para ofrecerles toda la informaci\u00f3n y los recursos necesarios para acompa\u00f1arlos en su recorrido acad\u00e9mico. Nuestra instituci\u00f3n se enorgullece de una rica historia y tradici\u00f3n en la formaci\u00f3n de profesionales de la educaci\u00f3n comprometidos. Los invitamos a explorar nuestro sitio para obtener m\u00e1s informaci\u00f3n sobre &#8230; <a title=\"\u00a1Bienvenidos!\" class=\"read-more\" href=\"https:\/\/enssarmiento-sjn.infd.edu.ar\/sitio\/\" aria-label=\"More on \u00a1Bienvenidos!\">[+]<\/a><\/p>\n","protected":false},"author":1,"featured_media":0,"parent":0,"menu_order":0,"comment_status":"closed","ping_status":"closed","template":"","meta":[],"acf":[],"_links":{"self":[{"href":"https:\/\/enssarmiento-sjn.infd.edu.ar\/sitio\/wp-json\/wp\/v2\/pages\/286"}],"collection":[{"href":"https:\/\/enssarmiento-sjn.infd.edu.ar\/sitio\/wp-json\/wp\/v2\/pages"}],"about":[{"href":"https:\/\/enssarmiento-sjn.infd.edu.ar\/sitio\/wp-json\/wp\/v2\/types\/page"}],"author":[{"embeddable":true,"href":"https:\/\/enssarmiento-sjn.infd.edu.ar\/sitio\/wp-json\/wp\/v2\/users\/1"}],"replies":[{"embeddable":true,"href":"https:\/\/enssarmiento-sjn.infd.edu.ar\/sitio\/wp-json\/wp\/v2\/comments?post=286"}],"version-history":[{"count":652,"href":"https:\/\/enssarmiento-sjn.infd.edu.ar\/sitio\/wp-json\/wp\/v2\/pages\/286\/revisions"}],"predecessor-version":[{"id":4318,"href":"https:\/\/enssarmiento-sjn.infd.edu.ar\/sitio\/wp-json\/wp\/v2\/pages\/286\/revisions\/4318"}],"wp:attachment":[{"href":"https:\/\/enssarmiento-sjn.infd.edu.ar\/sitio\/wp-json\/wp\/v2\/media?parent=286"}],"curies":[{"name":"wp","href":"https:\/\/api.w.org\/{rel}","templated":true}]}}