{"id":1286,"date":"2018-08-31T15:55:20","date_gmt":"2018-08-31T18:55:20","guid":{"rendered":"https:\/\/enssarmiento-sjn.infd.edu.ar\/sitio\/historia\/"},"modified":"2024-05-22T21:10:53","modified_gmt":"2024-05-23T00:10:53","slug":"historia","status":"publish","type":"page","link":"https:\/\/enssarmiento-sjn.infd.edu.ar\/sitio\/historia\/","title":{"rendered":"Historia"},"content":{"rendered":"<p><span style=\"font-size: 12pt; color: #333333;\"><span style=\"font-family: arial,helvetica,sans-serif;\">La Escuela Normal Mixta Superior \u00abSarmiento\u00bb fue creada por Decreto, el 27 de mayo de 1879, durante la Presidencia de Nicol\u00e1s Avellaneda. Era gobernador de la Provincia de San Juan el Coronel Agust\u00edn G\u00f3mez. El 19 de octubre de 1879 inici\u00f3 sus actividades bajo la direcci\u00f3n de la Profesora Mar\u00eda Luisa Villarino de del Carril y Miss Mary Olstine Graham.<\/span><\/span><\/p>\n<p><span style=\"color: #333333;\">El pabell\u00f3n donde actualmente se encuentra el cuerpo central del Profesorado, se inauguraba hacia el 10 de mayo de 1971. El Nivel Superior que hoy existe en la escuela, dependi\u00f3 de autoridades nacionales desde 1971, y en 1993 se realiz\u00f3 la transferencia a la Provincia. <\/span>Las clases se dictaban por la ma\u00f1ana y estaban a cargo de 12 profesores provisorios. Concurr\u00edan 80 alumnos, distribuidos en 2 divisiones. Se hab\u00eda previsto que su cursado durase 2 a\u00f1os.<\/p>\n","protected":false},"excerpt":{"rendered":"<p>La Escuela Normal Mixta Superior \u00abSarmiento\u00bb fue creada por Decreto, el 27 de mayo de 1879, durante la Presidencia de Nicol\u00e1s Avellaneda. Era gobernador de la Provincia de San Juan el Coronel Agust\u00edn G\u00f3mez. El 19 de octubre de 1879 inici\u00f3 sus actividades bajo la direcci\u00f3n de la Profesora Mar\u00eda Luisa Villarino de del Carril &#8230; <a title=\"Historia\" class=\"read-more\" href=\"https:\/\/enssarmiento-sjn.infd.edu.ar\/sitio\/historia\/\" aria-label=\"More on Historia\">[+]<\/a><\/p>\n","protected":false},"author":2931,"featured_media":0,"parent":0,"menu_order":0,"comment_status":"closed","ping_status":"closed","template":"","meta":[],"acf":[],"_links":{"self":[{"href":"https:\/\/enssarmiento-sjn.infd.edu.ar\/sitio\/wp-json\/wp\/v2\/pages\/1286"}],"collection":[{"href":"https:\/\/enssarmiento-sjn.infd.edu.ar\/sitio\/wp-json\/wp\/v2\/pages"}],"about":[{"href":"https:\/\/enssarmiento-sjn.infd.edu.ar\/sitio\/wp-json\/wp\/v2\/types\/page"}],"author":[{"embeddable":true,"href":"https:\/\/enssarmiento-sjn.infd.edu.ar\/sitio\/wp-json\/wp\/v2\/users\/2931"}],"replies":[{"embeddable":true,"href":"https:\/\/enssarmiento-sjn.infd.edu.ar\/sitio\/wp-json\/wp\/v2\/comments?post=1286"}],"version-history":[{"count":1,"href":"https:\/\/enssarmiento-sjn.infd.edu.ar\/sitio\/wp-json\/wp\/v2\/pages\/1286\/revisions"}],"predecessor-version":[{"id":4056,"href":"https:\/\/enssarmiento-sjn.infd.edu.ar\/sitio\/wp-json\/wp\/v2\/pages\/1286\/revisions\/4056"}],"wp:attachment":[{"href":"https:\/\/enssarmiento-sjn.infd.edu.ar\/sitio\/wp-json\/wp\/v2\/media?parent=1286"}],"curies":[{"name":"wp","href":"https:\/\/api.w.org\/{rel}","templated":true}]}}