{"id":1277,"date":"2018-08-31T15:55:17","date_gmt":"2018-08-31T18:55:17","guid":{"rendered":"https:\/\/enssarmiento-sjn.infd.edu.ar\/sitio\/datos-institucionales\/"},"modified":"2024-05-22T19:53:58","modified_gmt":"2024-05-22T22:53:58","slug":"datos-institucionales","status":"publish","type":"page","link":"https:\/\/enssarmiento-sjn.infd.edu.ar\/sitio\/datos-institucionales\/","title":{"rendered":"Datos Institucionales"},"content":{"rendered":"<p style=\"text-align: center;\"><span style=\"font-size: 10pt;\"><img decoding=\"async\" loading=\"lazy\" class=\"aligncenter\" title=\"escudo ENSS\" src=\"https:\/\/enssarmiento-sjn.infd.edu.ar\/sitio\/wp-content\/uploads\/2018\/08\/escudo-1.gif\" alt=\"escudo ENSS\" width=\"108\" height=\"90\" border=\"0\" \/><\/span><\/p>\n<p style=\"text-align: center;\"><strong>Instituto Superior de Formaci\u00f3n Docente &#8211; Escuela Normal Superior \u00abSarmiento\u00bb<\/strong><\/p>\n<p>CUE: 700025400<\/p>\n<p>Direcci\u00f3n: <a href=\"https:\/\/maps.app.goo.gl\/5HpxtPxG3AjJWYRB6\" target=\"_blank\" rel=\"noopener\">Alem 31 Sur &#8211; Capital CP 5400 &#8211; San Juan<\/a><\/p>\n<p><em><strong>Horario de Atenci\u00f3n<\/strong><\/em><\/p>\n<p style=\"padding-left: 160px;\">Profesorado de Educaci\u00f3n Inicial: \u00a0 \u00a0\u00a0\u00a0\u00a0\u00a0\u00a0 08 a 12 hs<\/p>\n<p style=\"padding-left: 160px;\">Profesorado de Educaci\u00f3n Primaria:\u00a0\u00a0\u00a0\u00a0 15 a 18 hs<\/p>\n<p style=\"text-align: center;\"><strong>Instituto Superior de Formaci\u00f3n Docente &#8211; Escuela Normal Superior \u00abSarmiento\u00bb &#8211; Anexo Pocito<\/strong><\/p>\n<p>CUE: 700025401<\/p>\n<p>Direcci\u00f3n: <a href=\"https:\/\/maps.app.goo.gl\/bq8gE8B9rSYs12vW6\">Furque &#8211; Villa Aberastain, Pocito CP 5427 &#8211; San Juan (Col. Sec. Prof. Froilan Javier Ferrero)<\/a><\/p>\n<p><em><strong>Horario de Atenci\u00f3n<\/strong><\/em><\/p>\n<p style=\"padding-left: 160px;\">Profesorado de Educaci\u00f3n Secundaria en Lengua y Literatura:\u00a0 19 a 22 hs<\/p>\n","protected":false},"excerpt":{"rendered":"<p>Instituto Superior de Formaci\u00f3n Docente &#8211; Escuela Normal Superior \u00abSarmiento\u00bb CUE: 700025400 Direcci\u00f3n: Alem 31 Sur &#8211; Capital CP 5400 &#8211; San Juan Horario de Atenci\u00f3n Profesorado de Educaci\u00f3n Inicial: \u00a0 \u00a0\u00a0\u00a0\u00a0\u00a0\u00a0 08 a 12 hs Profesorado de Educaci\u00f3n Primaria:\u00a0\u00a0\u00a0\u00a0 15 a 18 hs Instituto Superior de Formaci\u00f3n Docente &#8211; Escuela Normal Superior \u00abSarmiento\u00bb &#8211; &#8230; <a title=\"Datos Institucionales\" class=\"read-more\" href=\"https:\/\/enssarmiento-sjn.infd.edu.ar\/sitio\/datos-institucionales\/\" aria-label=\"More on Datos Institucionales\">[+]<\/a><\/p>\n","protected":false},"author":2931,"featured_media":0,"parent":0,"menu_order":0,"comment_status":"closed","ping_status":"closed","template":"","meta":[],"acf":[],"_links":{"self":[{"href":"https:\/\/enssarmiento-sjn.infd.edu.ar\/sitio\/wp-json\/wp\/v2\/pages\/1277"}],"collection":[{"href":"https:\/\/enssarmiento-sjn.infd.edu.ar\/sitio\/wp-json\/wp\/v2\/pages"}],"about":[{"href":"https:\/\/enssarmiento-sjn.infd.edu.ar\/sitio\/wp-json\/wp\/v2\/types\/page"}],"author":[{"embeddable":true,"href":"https:\/\/enssarmiento-sjn.infd.edu.ar\/sitio\/wp-json\/wp\/v2\/users\/2931"}],"replies":[{"embeddable":true,"href":"https:\/\/enssarmiento-sjn.infd.edu.ar\/sitio\/wp-json\/wp\/v2\/comments?post=1277"}],"version-history":[{"count":7,"href":"https:\/\/enssarmiento-sjn.infd.edu.ar\/sitio\/wp-json\/wp\/v2\/pages\/1277\/revisions"}],"predecessor-version":[{"id":4050,"href":"https:\/\/enssarmiento-sjn.infd.edu.ar\/sitio\/wp-json\/wp\/v2\/pages\/1277\/revisions\/4050"}],"wp:attachment":[{"href":"https:\/\/enssarmiento-sjn.infd.edu.ar\/sitio\/wp-json\/wp\/v2\/media?parent=1277"}],"curies":[{"name":"wp","href":"https:\/\/api.w.org\/{rel}","templated":true}]}}