{"id":1267,"date":"2018-08-31T15:55:12","date_gmt":"2018-08-31T18:55:12","guid":{"rendered":"https:\/\/enssarmiento-sjn.infd.edu.ar\/sitio\/formacion-inicial\/"},"modified":"2025-08-22T19:31:21","modified_gmt":"2025-08-22T22:31:21","slug":"formacion-inicial","status":"publish","type":"page","link":"https:\/\/enssarmiento-sjn.infd.edu.ar\/sitio\/formacion-inicial\/","title":{"rendered":"Departamento de Formaci\u00f3n Inicial"},"content":{"rendered":"\n<p class=\"has-text-align-center\"><em>Jefatura a cargo del <span style=\"color: #008000;\"><strong>Prof. Mart\u00edn Lillo<\/strong><\/span><\/em><\/p>\n\n\n\n<p class=\"has-text-align-center\">formacioninicialisfdenss@gmail.com<\/p>\n\n\n<ul class=\"wp-block-page-list has-medium-font-size\"><li class=\"wp-block-pages-list__item\"><a class=\"wp-block-pages-list__item__link\" href=\"https:\/\/enssarmiento-sjn.infd.edu.ar\/sitio\/formacion-inicial\/oferta-academica\/\">Oferta Acad\u00e9mica<\/a><\/li><li class=\"wp-block-pages-list__item\"><a class=\"wp-block-pages-list__item__link\" href=\"https:\/\/enssarmiento-sjn.infd.edu.ar\/sitio\/formacion-inicial\/creditos-academicos\/\">Programa de Actualizaci\u00f3n Cient\u00edfico-Acad\u00e9mica<\/a><\/li><li class=\"wp-block-pages-list__item\"><a class=\"wp-block-pages-list__item__link\" href=\"https:\/\/enssarmiento-sjn.infd.edu.ar\/sitio\/formacion-inicial\/equivalencias\/\">Equivalencias<\/a><\/li><li class=\"wp-block-pages-list__item\"><a class=\"wp-block-pages-list__item__link\" href=\"https:\/\/enssarmiento-sjn.infd.edu.ar\/sitio\/formacion-inicial\/pases_equivalencias\/\">Pases y Equivalencias<\/a><\/li><\/ul>\n\n\n<p class=\"has-text-align-left\"><span style=\"color: #008000;\"><strong><em>Prop\u00f3sitos<\/em><\/strong><\/span><\/p>\n\n\n\n<p>Canalizar acciones concretas y direccionadas hacia objetivos compartidos tendientes a mejorar el rendimiento acad\u00e9mico de la formaci\u00f3n inicial.<\/p>\n\n\n\n<p>Transformar la gesti\u00f3n en un conjunto de acciones planificadas dentro de un espacio organizado que favorezca la articulaci\u00f3n horizontal y vertical entre unidades curriculares y campos de conocimientos.<\/p>\n\n\n\n<p>Integrar y resignificar a todos los actores institucionales con saberes, capacidades, grados y niveles de responsabilidad diferenciados, en un proyecto com\u00fan que atienda la oferta educativa.<\/p>\n\n\n\n<p>Atender a los prop\u00f3sitos para la formaci\u00f3n docente que se especifican en el dise\u00f1o curricular para la Formaci\u00f3n Docente.<\/p>\n\n\n\n<p><span style=\"color: #008000;\"><strong><em>Objetivos Espec\u00edficos<\/em><\/strong><\/span><\/p>\n\n\n\n<p>Acompa\u00f1ar al regente en cada uno de los proyectos institucionales que se me requiera intervenci\u00f3n a fin de contribuir a su ejecuci\u00f3n.<\/p>\n\n\n\n<p>Fortalecer l\u00edneas planteadas en gestiones anteriores que tengan vigencia educativa, a fin de lograr continuidad en las acciones.<\/p>\n\n\n\n<p>Contribuir al reestablecimiento del orden y armon\u00eda institucional a trav\u00e9s de una cultura del trabajo cooperativo y colaborativo.<\/p>\n\n\n\n<p>Propiciar el trabajo compartido de reflexi\u00f3n y producci\u00f3n colectiva, tendiente a la profesionalizaci\u00f3n del equipo docente y a la fluidez de la comunicaci\u00f3n al interior de la instituci\u00f3n.<\/p>\n\n\n\n<p>Impulsar acciones conjuntas con los otros departamentos y funciones institucionales, a fin de propiciar un trabajo m\u00e1s integrado y articulado<\/p>\n\n\n\n<p>Propiciar la lectura y an\u00e1lisis del nuevo dise\u00f1o curricular por parte de los docentes, a fin de contribuir a una adecuada implementaci\u00f3n, desde los lineamientos educativos actuales.<\/p>\n\n\n\n<p>Definir&nbsp; l\u00edneas de trabajo orientadas a los docentes del instituto a fin de que los mismos reconozcan el sentido del uso de las nuevas tecnolog\u00edas de la comunicaci\u00f3n y de la informaci\u00f3n, su valor y su uso como herramientas para la ense\u00f1anza.<\/p>\n\n\n\n<p><span style=\"color: #008000;\"><strong><em>L\u00edneas generales de acci\u00f3n<\/em><\/strong><\/span><\/p>\n\n\n\n<p>La gesti\u00f3n educativa es el conjunto de procesos para la toma de decisiones, ejecuci\u00f3n y evaluaci\u00f3n de las acciones que potencien las pr\u00e1cticas docentes, y la herramienta b\u00e1sica para operar transformaciones es la de organizar y&nbsp; seleccionar l\u00edneas de acci\u00f3n que respondan a los prop\u00f3sitos de la propuesta.<\/p>\n\n\n\n<p>Por ello se considera:<\/p>\n\n\n\n<p><em>En relaci\u00f3n al equipo de conducci\u00f3n, docentes, alumnos y la comunidad:<\/em><\/p>\n\n\n\n<p><span style=\"font-family: Symbol; mso-fareast-font-family: Symbol; mso-bidi-font-family: Symbol;\">\u00b7<span style=\"font-stretch: normal; font-size: 7pt; font-family: 'Times New Roman';\">&nbsp;&nbsp;&nbsp;&nbsp;&nbsp;&nbsp;&nbsp; <\/span><\/span>Trabajar en forma conjunta con Regencia y comunicar peri\u00f3dicamente sobre el desarrollo y avances de las diferentes actividades.<\/p>\n\n\n\n<p><span style=\"font-family: Symbol; mso-fareast-font-family: Symbol; mso-bidi-font-family: Symbol;\">\u00b7<span style=\"font-stretch: normal; font-size: 7pt; font-family: 'Times New Roman';\">&nbsp;&nbsp;&nbsp;&nbsp;&nbsp;&nbsp;&nbsp; <\/span><\/span>Generar espacios de trabajo anal\u00edtico y reflexivo con docentes del mismo campo de formaci\u00f3n y entre distintos campos y unidades curriculares, para la construcci\u00f3n de estrategias y&nbsp; recursos que permitan que nuestros alumnos desarrollen competencias adecuadas a la realidad educativa en la que les toque actuar.<\/p>\n\n\n\n<p><span style=\"font-family: Symbol; mso-fareast-font-family: Symbol; mso-bidi-font-family: Symbol;\">\u00b7<span style=\"font-stretch: normal; font-size: 7pt; font-family: 'Times New Roman';\">&nbsp;&nbsp;&nbsp;&nbsp;&nbsp;&nbsp;&nbsp; <\/span><\/span>Proveer de asesoramiento pertinente a los docentes en los procesos de ense\u00f1anza, evaluaci\u00f3n y construcci\u00f3n de propuestas did\u00e1cticas, para que \u00e9stas respondan a los lineamientos pedag\u00f3gicos y de organizaci\u00f3n acordados.<\/p>\n\n\n\n<p><span style=\"font-family: Symbol; mso-fareast-font-family: Symbol; mso-bidi-font-family: Symbol;\">\u00b7<span style=\"font-stretch: normal; font-size: 7pt; font-family: 'Times New Roman';\">&nbsp;&nbsp;&nbsp;&nbsp;&nbsp;&nbsp;&nbsp; <\/span><\/span>Analizar situaciones espec\u00edficas y dise\u00f1ar propuestas conjuntas con docentes, alumnos, centro de estudiantes y comunidad educativa, que enriquezcan el proceso de desarrollo curricular y su relaci\u00f3n con el mundo del trabajo.<\/p>\n\n\n\n<p><em>En relaci\u00f3n con otros departamentos y funciones institucionales:<\/em><\/p>\n\n\n\n<p><span style=\"font-family: Symbol; mso-fareast-font-family: Symbol; mso-bidi-font-family: Symbol;\">\u00b7<span style=\"font-stretch: normal; font-size: 7pt; font-family: 'Times New Roman';\">&nbsp;&nbsp;&nbsp;&nbsp;&nbsp;&nbsp;&nbsp; <\/span><\/span>Organizar instancias de profundizaci\u00f3n y\/o de actualizaci\u00f3n de tem\u00e1ticas destinadas a alumnos y docentes del nivel, tendientes a resolver dificultades en la implementaci\u00f3n de los nuevos dise\u00f1os curriculares.<\/p>\n\n\n\n<p><span style=\"font-family: Symbol; mso-fareast-font-family: Symbol; mso-bidi-font-family: Symbol;\">\u00b7<span style=\"font-stretch: normal; font-size: 7pt; font-family: 'Times New Roman';\">&nbsp;&nbsp;&nbsp;&nbsp;&nbsp;&nbsp;&nbsp; <\/span><\/span>Propiciar el uso de las diferentes herramientas y aplicaciones que ofrecen los programas&nbsp; de presentaciones multimedia, en los procesos de ense\u00f1anza, adquiriendo habilidades necesarias para su aplicaci\u00f3n en la tarea docente.<\/p>\n\n\n\n<p><span style=\"font-family: Symbol; mso-fareast-font-family: Symbol; mso-bidi-font-family: Symbol;\">\u00b7<span style=\"font-stretch: normal; font-size: 7pt; font-family: 'Times New Roman';\">&nbsp;&nbsp;&nbsp;&nbsp;&nbsp;&nbsp;&nbsp; <\/span><\/span>Analizar y definir problem\u00e1ticas e innovaciones que pudieran surgir en el proceso de concreci\u00f3n de la propuesta curricular y convertirlas en objeto de an\u00e1lisis o de investigaci\u00f3n, cuyos resultados se integrar\u00e1n a la misma.<\/p>\n\n\n\n<div class=\"wp-block-group is-nowrap is-layout-flex wp-container-1\"><\/div>\n","protected":false},"excerpt":{"rendered":"<p>Jefatura a cargo del Prof. Mart\u00edn Lillo formacioninicialisfdenss@gmail.com Prop\u00f3sitos Canalizar acciones concretas y direccionadas hacia objetivos compartidos tendientes a mejorar el rendimiento acad\u00e9mico de la formaci\u00f3n inicial. Transformar la gesti\u00f3n en un conjunto de acciones planificadas dentro de un espacio organizado que favorezca la articulaci\u00f3n horizontal y vertical entre unidades curriculares y campos de conocimientos. &#8230; <a title=\"Departamento de Formaci\u00f3n Inicial\" class=\"read-more\" href=\"https:\/\/enssarmiento-sjn.infd.edu.ar\/sitio\/formacion-inicial\/\" aria-label=\"More on Departamento de Formaci\u00f3n Inicial\">[+]<\/a><\/p>\n","protected":false},"author":2931,"featured_media":0,"parent":0,"menu_order":0,"comment_status":"closed","ping_status":"closed","template":"","meta":[],"acf":[],"_links":{"self":[{"href":"https:\/\/enssarmiento-sjn.infd.edu.ar\/sitio\/wp-json\/wp\/v2\/pages\/1267"}],"collection":[{"href":"https:\/\/enssarmiento-sjn.infd.edu.ar\/sitio\/wp-json\/wp\/v2\/pages"}],"about":[{"href":"https:\/\/enssarmiento-sjn.infd.edu.ar\/sitio\/wp-json\/wp\/v2\/types\/page"}],"author":[{"embeddable":true,"href":"https:\/\/enssarmiento-sjn.infd.edu.ar\/sitio\/wp-json\/wp\/v2\/users\/2931"}],"replies":[{"embeddable":true,"href":"https:\/\/enssarmiento-sjn.infd.edu.ar\/sitio\/wp-json\/wp\/v2\/comments?post=1267"}],"version-history":[{"count":4,"href":"https:\/\/enssarmiento-sjn.infd.edu.ar\/sitio\/wp-json\/wp\/v2\/pages\/1267\/revisions"}],"predecessor-version":[{"id":4353,"href":"https:\/\/enssarmiento-sjn.infd.edu.ar\/sitio\/wp-json\/wp\/v2\/pages\/1267\/revisions\/4353"}],"wp:attachment":[{"href":"https:\/\/enssarmiento-sjn.infd.edu.ar\/sitio\/wp-json\/wp\/v2\/media?parent=1267"}],"curies":[{"name":"wp","href":"https:\/\/api.w.org\/{rel}","templated":true}]}}