{"id":1262,"date":"2018-08-31T15:55:10","date_gmt":"2018-08-31T18:55:10","guid":{"rendered":"https:\/\/enssarmiento-sjn.infd.edu.ar\/sitio\/area-formacion-de-formadores-desarrollo-profesional-docente\/"},"modified":"2024-05-20T17:08:00","modified_gmt":"2024-05-20T20:08:00","slug":"area-formacion-de-formadores-desarrollo-profesional-docente","status":"publish","type":"page","link":"https:\/\/enssarmiento-sjn.infd.edu.ar\/sitio\/area-formacion-de-formadores-desarrollo-profesional-docente\/","title":{"rendered":"Departamento de Desarrollo Profesional Docente"},"content":{"rendered":"<p style=\"text-align: center;\"><em><span style=\"font-size: 12pt;\">Jefatura a cargo de la\u00a0<span style=\"color: #333399;\"><strong>Prof. Fabiana L\u00f3pez.<\/strong><\/span><\/span><\/em><\/p>\n<p style=\"text-align: justify;\"><em><span style=\"font-size: 12pt;\">El desarrollo profesional de los docentes constituye una estrategia fundamental tanto para renovar su oficio, como para responder a las nuevas necesidades de la sociedad, atendiendo a la complejidad de la tarea de ense\u00f1anza y de mediaci\u00f3n cultural que realizan en sus diferentes dimensiones pol\u00edtica, sociocultural y pedag\u00f3gica.<\/span><\/em><\/p>\n<address style=\"text-align: right;\"><span style=\"font-size: 13px;\"><a title=\"Hacer clic para descagar el documento \" href=\"upload\/CFE_Resolucion_2007_0030_anexo_II.pdf\" target=\"_blank\" rel=\"noopener\">Resoluci\u00f3n CFE Nro. 30\/07 Anexo II<\/a><\/span><\/address>\n<address style=\"text-align: right;\"><span style=\"font-size: 13px;\">Lineamientos Nacionales para la Formaci\u00f3n Docente\u00a0Continua\u00a0<\/span><span style=\"font-size: 13px;\">y el Desarrollo Profesional<\/span><\/address>\n<address><strong style=\"font-size: 12pt; font-family: arial, helvetica, sans-serif; text-align: right;\">\u00a0<\/strong><\/address>\n<p><strong style=\"color: #333399; font-size: 12pt; font-family: arial, helvetica, sans-serif;\">Los principales objetivos del Departamento son:<\/strong><\/p>\n<ul>\n<li>\n<div style=\"text-align: justify;\"><span style=\"font-family: arial,helvetica,sans-serif;\"><span style=\"font-size: 12pt;\">Orientar el fortalecimietno de las capacidades y competencia de los docentes de la Instituci\u00f3n para la elaboraci\u00f3n y desarrollo de proyectos institucionales en el marco de la acreditaci\u00f3n, como proceso de adecuaci\u00f3n permanente de la oferta acad\u00e9mica de esta instituci\u00f3n conforme se establece en la Ley de Educaci\u00f3n Superior.<\/span><\/span><\/div>\n<\/li>\n<li>\n<div style=\"text-align: justify;\"><span style=\"font-family: arial,helvetica,sans-serif;\"><span style=\"font-size: 12pt;\">Reelaborar y ampliar los marcos interpretativos que permitan redefinir la pr\u00e1ctica docente.<\/span><\/span><\/div>\n<\/li>\n<li>\n<div style=\"text-align: justify;\"><span style=\"font-family: arial,helvetica,sans-serif;\"><span style=\"font-size: 12pt;\">Promover proyectos pedag\u00f3gicos alternativos, innovadores y transformadores en el Nivel Superior.<\/span><\/span><\/div>\n<\/li>\n<li>\n<div style=\"text-align: justify;\"><span style=\"font-family: arial,helvetica,sans-serif;\"><span style=\"font-size: 12pt;\">Generar acciones a fin de entender la pr\u00e1ctica docente como un conjunto de alternativas que tiendan a satisfacer demandas socioculturales emergentes de distintos \u00e1mbitos.<\/span><\/span><\/div>\n<\/li>\n<li>\n<div style=\"text-align: justify;\"><span style=\"font-family: arial,helvetica,sans-serif;\"><span style=\"font-size: 12pt;\">Implementar acciones que articulen la Formaci\u00f3n Inicial, y \u00a0la Formacion Docente Continua\u00a0con la Investigaci\u00f3n Educativa.<\/span><\/span><\/div>\n<\/li>\n<\/ul>\n","protected":false},"excerpt":{"rendered":"<p>Jefatura a cargo de la\u00a0Prof. Fabiana L\u00f3pez. El desarrollo profesional de los docentes constituye una estrategia fundamental tanto para renovar su oficio, como para responder a las nuevas necesidades de la sociedad, atendiendo a la complejidad de la tarea de ense\u00f1anza y de mediaci\u00f3n cultural que realizan en sus diferentes dimensiones pol\u00edtica, sociocultural y pedag\u00f3gica. &#8230; <a title=\"Departamento de Desarrollo Profesional Docente\" class=\"read-more\" href=\"https:\/\/enssarmiento-sjn.infd.edu.ar\/sitio\/area-formacion-de-formadores-desarrollo-profesional-docente\/\" aria-label=\"More on Departamento de Desarrollo Profesional Docente\">[+]<\/a><\/p>\n","protected":false},"author":2931,"featured_media":0,"parent":0,"menu_order":0,"comment_status":"closed","ping_status":"closed","template":"","meta":[],"acf":[],"_links":{"self":[{"href":"https:\/\/enssarmiento-sjn.infd.edu.ar\/sitio\/wp-json\/wp\/v2\/pages\/1262"}],"collection":[{"href":"https:\/\/enssarmiento-sjn.infd.edu.ar\/sitio\/wp-json\/wp\/v2\/pages"}],"about":[{"href":"https:\/\/enssarmiento-sjn.infd.edu.ar\/sitio\/wp-json\/wp\/v2\/types\/page"}],"author":[{"embeddable":true,"href":"https:\/\/enssarmiento-sjn.infd.edu.ar\/sitio\/wp-json\/wp\/v2\/users\/2931"}],"replies":[{"embeddable":true,"href":"https:\/\/enssarmiento-sjn.infd.edu.ar\/sitio\/wp-json\/wp\/v2\/comments?post=1262"}],"version-history":[{"count":4,"href":"https:\/\/enssarmiento-sjn.infd.edu.ar\/sitio\/wp-json\/wp\/v2\/pages\/1262\/revisions"}],"predecessor-version":[{"id":3955,"href":"https:\/\/enssarmiento-sjn.infd.edu.ar\/sitio\/wp-json\/wp\/v2\/pages\/1262\/revisions\/3955"}],"wp:attachment":[{"href":"https:\/\/enssarmiento-sjn.infd.edu.ar\/sitio\/wp-json\/wp\/v2\/media?parent=1262"}],"curies":[{"name":"wp","href":"https:\/\/api.w.org\/{rel}","templated":true}]}}