{"id":1260,"date":"2018-08-31T15:55:09","date_gmt":"2018-08-31T18:55:09","guid":{"rendered":"https:\/\/enssarmiento-sjn.infd.edu.ar\/sitio\/investigacion-innovacion-y-desarrollo-de-la-educacion\/"},"modified":"2024-06-26T17:45:33","modified_gmt":"2024-06-26T20:45:33","slug":"investigacion-innovacion-y-desarrollo-de-la-educacion","status":"publish","type":"page","link":"https:\/\/enssarmiento-sjn.infd.edu.ar\/sitio\/investigacion-innovacion-y-desarrollo-de-la-educacion\/","title":{"rendered":"Departamento de Investigaci\u00f3n, Promoci\u00f3n y Desarrollo de la Educaci\u00f3n"},"content":{"rendered":"<p style=\"text-align: center;\"><span style=\"font-size: 12pt;\"><span style=\"color: #003366;\"><strong><span style=\"font-family: arial,helvetica,sans-serif;\">\u00a0<\/span><\/strong><\/span><\/span><span style=\"font-size: 12pt;\"><span style=\"font-family: arial,helvetica,sans-serif;\">Jefatura a cargo de la <span style=\"color: #800080;\"><strong>Prof. Nadya Cano<\/strong><\/span><\/span><\/span><\/p>\n<p style=\"text-align: center;\"><a href=\"mailto:jefaturainvestigacion2021@gmail.com\">jefaturainvestigacion2021@gmail.com<\/a><\/p>\n<p><span style=\"font-family: arial, helvetica, sans-serif; font-size: 12pt;\">\u00a0<\/span><\/p>\n<p><span style=\"font-size: 12pt;\"><span style=\"color: #333399;\"><strong><span style=\"font-family: arial,helvetica,sans-serif;\">Prop\u00f3sitos del Departamento\u00a0<\/span><\/strong><\/span><\/span><\/p>\n<ul>\n<li><span style=\"font-size: 11pt; color: black; line-height: 150%; language: ES;\"><span style=\"font-family: arial,helvetica,sans-serif;\">Promover la formaci\u00f3n en investigaci\u00f3n de equipos interdisciplinarios de docentes, graduados y estudiantes del ISFD.<\/span><\/span><\/li>\n<li><span style=\"font-size: 11pt; color: black; line-height: 150%; language: ES;\"><span style=\"font-family: arial,helvetica,sans-serif;\">Generar conocimiento que contribuya a la identificaci\u00f3n de problem\u00e1ticas y a la formulaci\u00f3n de estrategias para mejorar la equidad y la calidad en los procesos de ense\u00f1anza y de aprendizaje.<\/span><\/span><\/li>\n<li><span style=\"font-size: 11pt; color: black; line-height: 150%; language: ES;\"><span style=\"font-family: arial,helvetica,sans-serif;\">Profundizar la articulaci\u00f3n con la Formaci\u00f3n Inicial y Continua, aportando insumos para la revisi\u00f3n curricular y para el desarrollo profesional docente.<\/span><\/span><\/li>\n<li><span style=\"font-size: 11pt; color: black; line-height: 150%; language: ES;\"><span style=\"font-family: arial,helvetica,sans-serif;\">Transferir y divulgar los resultados de las investigaciones al ISFD y a las instituciones educativas de los niveles a los cuales se dirigen las investigaciones.<\/span><\/span><\/li>\n<li><span style=\"font-size: 11pt; color: black; line-height: 150%; language: ES;\"><span style=\"font-family: arial,helvetica,sans-serif;\">Impulsar acciones de cooperaci\u00f3n entre los equipos de investigaci\u00f3n del ISFD y otras instituciones dedicadas a la investigaci\u00f3n educativa.<\/span><\/span><\/li>\n<li><span style=\"font-size: 11pt; color: black; line-height: 150%; language: ES;\"><span style=\"font-size: 11pt; color: black; line-height: 150%; mso-bidi-font-family: 'Times New Roman';\"><span style=\"font-family: arial,helvetica,sans-serif;\">Coordinar el dise\u00f1o y la ejecuci\u00f3n de Talleres de intercambio, fortalecimiento y evaluaci\u00f3n de procesos y de resultados del Trayecto de la Pr\u00e1ctica, Reflexi\u00f3n e Investigaci\u00f3n.<\/span><\/span><\/span><\/li>\n<\/ul>\n","protected":false},"excerpt":{"rendered":"<p>\u00a0Jefatura a cargo de la Prof. Nadya Cano jefaturainvestigacion2021@gmail.com \u00a0 Prop\u00f3sitos del Departamento\u00a0 Promover la formaci\u00f3n en investigaci\u00f3n de equipos interdisciplinarios de docentes, graduados y estudiantes del ISFD. Generar conocimiento que contribuya a la identificaci\u00f3n de problem\u00e1ticas y a la formulaci\u00f3n de estrategias para mejorar la equidad y la calidad en los procesos de ense\u00f1anza &#8230; <a title=\"Departamento de Investigaci\u00f3n, Promoci\u00f3n y Desarrollo de la Educaci\u00f3n\" class=\"read-more\" href=\"https:\/\/enssarmiento-sjn.infd.edu.ar\/sitio\/investigacion-innovacion-y-desarrollo-de-la-educacion\/\" aria-label=\"More on Departamento de Investigaci\u00f3n, Promoci\u00f3n y Desarrollo de la Educaci\u00f3n\">[+]<\/a><\/p>\n","protected":false},"author":2931,"featured_media":0,"parent":0,"menu_order":0,"comment_status":"closed","ping_status":"closed","template":"","meta":[],"acf":[],"_links":{"self":[{"href":"https:\/\/enssarmiento-sjn.infd.edu.ar\/sitio\/wp-json\/wp\/v2\/pages\/1260"}],"collection":[{"href":"https:\/\/enssarmiento-sjn.infd.edu.ar\/sitio\/wp-json\/wp\/v2\/pages"}],"about":[{"href":"https:\/\/enssarmiento-sjn.infd.edu.ar\/sitio\/wp-json\/wp\/v2\/types\/page"}],"author":[{"embeddable":true,"href":"https:\/\/enssarmiento-sjn.infd.edu.ar\/sitio\/wp-json\/wp\/v2\/users\/2931"}],"replies":[{"embeddable":true,"href":"https:\/\/enssarmiento-sjn.infd.edu.ar\/sitio\/wp-json\/wp\/v2\/comments?post=1260"}],"version-history":[{"count":4,"href":"https:\/\/enssarmiento-sjn.infd.edu.ar\/sitio\/wp-json\/wp\/v2\/pages\/1260\/revisions"}],"predecessor-version":[{"id":4142,"href":"https:\/\/enssarmiento-sjn.infd.edu.ar\/sitio\/wp-json\/wp\/v2\/pages\/1260\/revisions\/4142"}],"wp:attachment":[{"href":"https:\/\/enssarmiento-sjn.infd.edu.ar\/sitio\/wp-json\/wp\/v2\/media?parent=1260"}],"curies":[{"name":"wp","href":"https:\/\/api.w.org\/{rel}","templated":true}]}}